{"id":462,"date":"2018-11-23T08:00:48","date_gmt":"2018-11-23T07:00:48","guid":{"rendered":"https:\/\/www.kallmuenz.it\/events-kultur-veranstaltungen-kabarettgarten-schloss-kallmuenz-meran\/"},"modified":"2024-12-02T18:10:05","modified_gmt":"2024-12-02T17:10:05","slug":"archiv-kunstverein-kallmuenz","status":"publish","type":"page","link":"https:\/\/art.kallmuenz.it\/it\/archiv-kunstverein-kallmuenz\/","title":{"rendered":"Archiv Kunstverein Kallm\u00fcnz"},"content":{"rendered":"<div id='av-masonry-1' class='av-masonry av-8tgk1-0382659bef8206286e9417501ead003a noHover av-flex-size av-large-gap av-hover-overlay-active av-masonry-animation-active av-masonry-col-3 av-caption-on-hover av-caption-style-overlay av-masonry-entries ' data-post_id=\"462\"><div class=\"av-masonry-container isotope av-js-disabled\"><div class='av-masonry-entry isotope-item av-masonry-item-no-image all_sort archivio_sort '><\/div><a href=\"https:\/\/art.kallmuenz.it\/it\/mercatino-di-natale-2023\/\"  id='av-masonry-1-item-2843' data-av-masonry-item='2843' class='av-masonry-entry isotope-item post-2843 post type-post status-publish format-standard has-post-thumbnail hentry category-archivio all_sort archivio_sort  av-masonry-item-with-image' title=\"kunstverein-kallmuenz_weihnachten-2023\"   itemscope=\"itemscope\" itemtype=\"https:\/\/schema.org\/CreativeWork\" ><div class='av-inner-masonry-sizer'><\/div><figure class='av-inner-masonry main_color'><div class=\"av-masonry-outerimage-container\"><div class='av-masonry-image-container'  ><img decoding=\"async\" width=\"705\" height=\"470\" fetchpriority=\"high\" class=\"wp-image-2835 avia-img-lazy-loading-not-2835\"  src=\"https:\/\/art.kallmuenz.it\/wp-content\/uploads\/2023\/11\/kunstverein-kallmuenz_weihnachten-2023-705x470.jpg\" title=\"kunstverein-kallmuenz_weihnachten-2023\" alt=\"Mercatino di Natale 2023\" srcset=\"https:\/\/art.kallmuenz.it\/wp-content\/uploads\/2023\/11\/kunstverein-kallmuenz_weihnachten-2023-705x470.jpg 705w, https:\/\/art.kallmuenz.it\/wp-content\/uploads\/2023\/11\/kunstverein-kallmuenz_weihnachten-2023-300x200.jpg 300w, https:\/\/art.kallmuenz.it\/wp-content\/uploads\/2023\/11\/kunstverein-kallmuenz_weihnachten-2023-768x512.jpg 768w, https:\/\/art.kallmuenz.it\/wp-content\/uploads\/2023\/11\/kunstverein-kallmuenz_weihnachten-2023.jpg 1030w\" sizes=\"(max-width: 705px) 100vw, 705px\" \/><\/div><\/div><figcaption class='av-inner-masonry-content site-background'><div class='av-inner-masonry-content-pos'><div class='av-inner-masonry-content-pos-content'><div class='avia-arrow'><\/div><h3 class='av-masonry-entry-title entry-title '  itemprop=\"headline\" >Mercatino di Natale 2023<\/h3><span class='av-masonry-date meta-color updated'>21 Novembre 2023<\/span><span class=\"av-masonry-text-sep text-sep-author\">\/<\/span><span class='av-masonry-author meta-color author'><span class='fn'>da \u00a1\u00e0ndale!<\/span><\/span><\/div><\/div><\/figcaption><\/figure><\/a><!--end av-masonry entry--><a href=\"https:\/\/art.kallmuenz.it\/it\/meraner-kabarett-tage-2024\/\"  id='av-masonry-1-item-2872' data-av-masonry-item='2872' class='av-masonry-entry isotope-item post-2872 post type-post status-publish format-standard has-post-thumbnail hentry category-archivio all_sort archivio_sort  av-masonry-item-with-image' title=\"kabarett-tage-2024_titel-urban-priol\"   itemscope=\"itemscope\" itemtype=\"https:\/\/schema.org\/CreativeWork\" ><div class='av-inner-masonry-sizer'><\/div><figure class='av-inner-masonry main_color'><div class=\"av-masonry-outerimage-container\"><div class='av-masonry-image-container'  ><img decoding=\"async\" width=\"705\" height=\"470\" fetchpriority=\"high\" class=\"wp-image-2862 avia-img-lazy-loading-not-2862\"  src=\"https:\/\/art.kallmuenz.it\/wp-content\/uploads\/2023\/11\/kabarett-tage-2024_titel-urban-priol-705x470.jpg\" title=\"kabarett-tage-2024_titel-urban-priol\" alt=\"\" srcset=\"https:\/\/art.kallmuenz.it\/wp-content\/uploads\/2023\/11\/kabarett-tage-2024_titel-urban-priol-705x470.jpg 705w, https:\/\/art.kallmuenz.it\/wp-content\/uploads\/2023\/11\/kabarett-tage-2024_titel-urban-priol-300x200.jpg 300w, https:\/\/art.kallmuenz.it\/wp-content\/uploads\/2023\/11\/kabarett-tage-2024_titel-urban-priol-768x512.jpg 768w, https:\/\/art.kallmuenz.it\/wp-content\/uploads\/2023\/11\/kabarett-tage-2024_titel-urban-priol.jpg 1030w\" sizes=\"(max-width: 705px) 100vw, 705px\" \/><\/div><\/div><figcaption class='av-inner-masonry-content site-background'><div class='av-inner-masonry-content-pos'><div class='av-inner-masonry-content-pos-content'><div class='avia-arrow'><\/div><h3 class='av-masonry-entry-title entry-title '  itemprop=\"headline\" >Meraner Kabarett Tage 2024<\/h3><div class='av-masonry-entry-content entry-content'  itemprop=\"text\" >\u2026<\/div><span class='av-masonry-date meta-color updated'>16 Novembre 2023<\/span><span class=\"av-masonry-text-sep text-sep-author\">\/<\/span><span class='av-masonry-author meta-color author'><span class='fn'>da \u00a1\u00e0ndale!<\/span><\/span><\/div><\/div><\/figcaption><\/figure><\/a><!--end av-masonry entry--><a href=\"https:\/\/art.kallmuenz.it\/it\/hedwig-bledl-monika-bledl\/\"  id='av-masonry-1-item-2758' data-av-masonry-item='2758' class='av-masonry-entry isotope-item post-2758 post type-post status-publish format-standard has-post-thumbnail hentry category-archivio all_sort archivio_sort  av-masonry-item-with-image' title=\"Ausstellung_H+M_2023_Plakat_A3_Layoutvarianten_druck-thumb\"   itemscope=\"itemscope\" itemtype=\"https:\/\/schema.org\/CreativeWork\" ><div class='av-inner-masonry-sizer'><\/div><figure class='av-inner-masonry main_color'><div class=\"av-masonry-outerimage-container\"><div class='av-masonry-image-container'  ><img decoding=\"async\" width=\"705\" height=\"470\" fetchpriority=\"high\" class=\"wp-image-2745 avia-img-lazy-loading-not-2745\"  src=\"https:\/\/art.kallmuenz.it\/wp-content\/uploads\/2023\/03\/Ausstellung_HM_2023_Plakat_A3_Layoutvarianten_druck-thumb-705x470.jpg\" title=\"Ausstellung_H+M_2023_Plakat_A3_Layoutvarianten_druck-thumb\" alt=\"Hedwig Bledl Monika Bledl\" srcset=\"https:\/\/art.kallmuenz.it\/wp-content\/uploads\/2023\/03\/Ausstellung_HM_2023_Plakat_A3_Layoutvarianten_druck-thumb-705x470.jpg 705w, https:\/\/art.kallmuenz.it\/wp-content\/uploads\/2023\/03\/Ausstellung_HM_2023_Plakat_A3_Layoutvarianten_druck-thumb-300x200.jpg 300w, https:\/\/art.kallmuenz.it\/wp-content\/uploads\/2023\/03\/Ausstellung_HM_2023_Plakat_A3_Layoutvarianten_druck-thumb-768x512.jpg 768w, https:\/\/art.kallmuenz.it\/wp-content\/uploads\/2023\/03\/Ausstellung_HM_2023_Plakat_A3_Layoutvarianten_druck-thumb.jpg 1030w\" sizes=\"(max-width: 705px) 100vw, 705px\" \/><\/div><\/div><figcaption class='av-inner-masonry-content site-background'><div class='av-inner-masonry-content-pos'><div class='av-inner-masonry-content-pos-content'><div class='avia-arrow'><\/div><h3 class='av-masonry-entry-title entry-title '  itemprop=\"headline\" >Hedwig Bledl Monika Bledl<\/h3><span class='av-masonry-date meta-color updated'>14 Marzo 2023<\/span><span class=\"av-masonry-text-sep text-sep-author\">\/<\/span><span class='av-masonry-author meta-color author'><span class='fn'>da \u00a1\u00e0ndale!<\/span><\/span><\/div><\/div><\/figcaption><\/figure><\/a><!--end av-masonry entry--><a href=\"https:\/\/art.kallmuenz.it\/it\/mercatino-di-natale-2022\/\"  id='av-masonry-1-item-2653' data-av-masonry-item='2653' class='av-masonry-entry isotope-item post-2653 post type-post status-publish format-standard has-post-thumbnail hentry category-archivio all_sort archivio_sort  av-masonry-item-with-image' title=\"Karte_kallmuenz-2022_RZ_niedere-Auflo\u0308sung_1\"   itemscope=\"itemscope\" itemtype=\"https:\/\/schema.org\/CreativeWork\" ><div class='av-inner-masonry-sizer'><\/div><figure class='av-inner-masonry main_color'><div class=\"av-masonry-outerimage-container\"><div class='av-masonry-image-container'  ><img decoding=\"async\" width=\"705\" height=\"470\" fetchpriority=\"high\" class=\"wp-image-2596 avia-img-lazy-loading-not-2596\"  src=\"https:\/\/art.kallmuenz.it\/wp-content\/uploads\/2022\/11\/Karte_kallmuenz-2022_RZ_niedere-Aufloesung_1-705x470.jpg\" title=\"Karte_kallmuenz-2022_RZ_niedere-Auflo\u0308sung_1\" alt=\"Mercatino di Natale 2022\" srcset=\"https:\/\/art.kallmuenz.it\/wp-content\/uploads\/2022\/11\/Karte_kallmuenz-2022_RZ_niedere-Aufloesung_1-705x470.jpg 705w, https:\/\/art.kallmuenz.it\/wp-content\/uploads\/2022\/11\/Karte_kallmuenz-2022_RZ_niedere-Aufloesung_1-300x200.jpg 300w, https:\/\/art.kallmuenz.it\/wp-content\/uploads\/2022\/11\/Karte_kallmuenz-2022_RZ_niedere-Aufloesung_1-768x512.jpg 768w, https:\/\/art.kallmuenz.it\/wp-content\/uploads\/2022\/11\/Karte_kallmuenz-2022_RZ_niedere-Aufloesung_1.jpg 1030w\" sizes=\"(max-width: 705px) 100vw, 705px\" \/><\/div><\/div><figcaption class='av-inner-masonry-content site-background'><div class='av-inner-masonry-content-pos'><div class='av-inner-masonry-content-pos-content'><div class='avia-arrow'><\/div><h3 class='av-masonry-entry-title entry-title '  itemprop=\"headline\" >Mercatino di Natale 2022<\/h3><span class='av-masonry-date meta-color updated'>23 Novembre 2022<\/span><span class=\"av-masonry-text-sep text-sep-author\">\/<\/span><span class='av-masonry-author meta-color author'><span class='fn'>da \u00a1\u00e0ndale!<\/span><\/span><\/div><\/div><\/figcaption><\/figure><\/a><!--end av-masonry entry--><a href=\"https:\/\/art.kallmuenz.it\/it\/meraner-kabarett-tage-2023\/\"  id='av-masonry-1-item-2566' data-av-masonry-item='2566' class='av-masonry-entry isotope-item post-2566 post type-post status-publish format-standard has-post-thumbnail hentry category-archivio all_sort archivio_sort  av-masonry-item-with-image' title=\"kabarett-tage-2023_titel-Alfred_Dorfer_gelbe_Stiege_Fotograf_Peter_Rigaud\"   itemscope=\"itemscope\" itemtype=\"https:\/\/schema.org\/CreativeWork\" ><div class='av-inner-masonry-sizer'><\/div><figure class='av-inner-masonry main_color'><div class=\"av-masonry-outerimage-container\"><div class='av-masonry-image-container'  ><img decoding=\"async\" width=\"705\" height=\"470\" fetchpriority=\"high\" class=\"wp-image-2535 avia-img-lazy-loading-not-2535\"  src=\"https:\/\/art.kallmuenz.it\/wp-content\/uploads\/2022\/10\/kabarett-tage-2023_titel-Alfred_Dorfer_gelbe_Stiege_Fotograf_Peter_Rigaud-705x470.jpg\" title=\"kabarett-tage-2023_titel-Alfred_Dorfer_gelbe_Stiege_Fotograf_Peter_Rigaud\" alt=\"meraner kabarett tage 2023\" srcset=\"https:\/\/art.kallmuenz.it\/wp-content\/uploads\/2022\/10\/kabarett-tage-2023_titel-Alfred_Dorfer_gelbe_Stiege_Fotograf_Peter_Rigaud-705x470.jpg 705w, https:\/\/art.kallmuenz.it\/wp-content\/uploads\/2022\/10\/kabarett-tage-2023_titel-Alfred_Dorfer_gelbe_Stiege_Fotograf_Peter_Rigaud-300x200.jpg 300w, https:\/\/art.kallmuenz.it\/wp-content\/uploads\/2022\/10\/kabarett-tage-2023_titel-Alfred_Dorfer_gelbe_Stiege_Fotograf_Peter_Rigaud-768x512.jpg 768w, https:\/\/art.kallmuenz.it\/wp-content\/uploads\/2022\/10\/kabarett-tage-2023_titel-Alfred_Dorfer_gelbe_Stiege_Fotograf_Peter_Rigaud.jpg 1030w\" sizes=\"(max-width: 705px) 100vw, 705px\" \/><\/div><\/div><figcaption class='av-inner-masonry-content site-background'><div class='av-inner-masonry-content-pos'><div class='av-inner-masonry-content-pos-content'><div class='avia-arrow'><\/div><h3 class='av-masonry-entry-title entry-title '  itemprop=\"headline\" >Meraner Kabarett Tage 2023<\/h3><div class='av-masonry-entry-content entry-content'  itemprop=\"text\" >\u2026<\/div><span class='av-masonry-date meta-color updated'>12 Ottobre 2022<\/span><span class=\"av-masonry-text-sep text-sep-author\">\/<\/span><span class='av-masonry-author meta-color author'><span class='fn'>da \u00a1\u00e0ndale!<\/span><\/span><\/div><\/div><\/figcaption><\/figure><\/a><!--end av-masonry entry--><a href=\"https:\/\/art.kallmuenz.it\/it\/esposizione-roland-bolego\/\"  id='av-masonry-1-item-2486' data-av-masonry-item='2486' class='av-masonry-entry isotope-item post-2486 post type-post status-publish format-standard has-post-thumbnail hentry category-archivio all_sort archivio_sort  av-masonry-item-with-image' title=\"Postkarte-10&#215;15-ok-web\"   itemscope=\"itemscope\" itemtype=\"https:\/\/schema.org\/CreativeWork\" ><div class='av-inner-masonry-sizer'><\/div><figure class='av-inner-masonry main_color'><div class=\"av-masonry-outerimage-container\"><div class='av-masonry-image-container'  ><img decoding=\"async\" width=\"705\" height=\"470\" fetchpriority=\"high\" class=\"wp-image-2467 avia-img-lazy-loading-not-2467\"  src=\"https:\/\/art.kallmuenz.it\/wp-content\/uploads\/2022\/03\/Postkarte-10x15-ok-web-705x470.jpg\" title=\"Postkarte-10&#215;15-ok-web\" alt=\"Esposizione - Roland Bolego\" srcset=\"https:\/\/art.kallmuenz.it\/wp-content\/uploads\/2022\/03\/Postkarte-10x15-ok-web-705x470.jpg 705w, https:\/\/art.kallmuenz.it\/wp-content\/uploads\/2022\/03\/Postkarte-10x15-ok-web-300x200.jpg 300w, https:\/\/art.kallmuenz.it\/wp-content\/uploads\/2022\/03\/Postkarte-10x15-ok-web-768x512.jpg 768w, https:\/\/art.kallmuenz.it\/wp-content\/uploads\/2022\/03\/Postkarte-10x15-ok-web.jpg 1030w\" sizes=\"(max-width: 705px) 100vw, 705px\" \/><\/div><\/div><figcaption class='av-inner-masonry-content site-background'><div class='av-inner-masonry-content-pos'><div class='av-inner-masonry-content-pos-content'><div class='avia-arrow'><\/div><h3 class='av-masonry-entry-title entry-title '  itemprop=\"headline\" >Esposizione &#8211; Roland Bolego<\/h3><span class='av-masonry-date meta-color updated'>16 Marzo 2022<\/span><span class=\"av-masonry-text-sep text-sep-author\">\/<\/span><span class='av-masonry-author meta-color author'><span class='fn'>da \u00a1\u00e0ndale!<\/span><\/span><\/div><\/div><\/figcaption><\/figure><\/a><!--end av-masonry entry--><\/div><a class='av-masonry-pagination av-masonry-load-more' href='#load-more'  data-link='category, 41'  data-term_rel='IN'  data-wc_prod_visible=''  data-wc_prod_hidden='hide'  data-wc_prod_featured=''  data-wc_prod_sale=''  data-prod_order_by=''  data-prod_order=''  data-date_filter=''  data-date_filter_start=''  data-date_filter_end=''  data-date_filter_format='yy\/mm\/dd'  data-period_filter_unit_1='1'  data-period_filter_unit_2='year'  data-page_element_filter=''  data-sort='yes'  data-query_orderby='date'  data-query_order='DESC'  data-caption_elements='title excerpt'  data-caption_styling='overlay'  data-caption_display='on-hover'  data-img_copyright=''  data-size='flex'  data-orientation=''  data-image_size='masonry'  data-gap='large'  data-columns='3'  data-av-desktop-columns=''  data-av-medium-columns=''  data-av-small-columns=''  data-av-mini-columns=''  data-items='6'  data-paginate='load_more'  data-color=''  data-custom_bg=''  data-img_copyright_font=''  data-av-desktop-font-img_copyright_font=''  data-av-medium-font-img_copyright_font=''  data-av-small-font-img_copyright_font=''  data-av-mini-font-img_copyright_font=''  data-img_copyright_color=''  data-img_copyright_bg=''  data-animation='active'  data-animation_duration=''  data-animation_custom_bg_color=''  data-animation_custom_bg_color_multi_list=''  data-animation_z_index_curtain='100'  data-overlay_fx='active'  data-img_scrset=''  data-lazy_loading='disabled'  data-av-desktop-hide=''  data-av-medium-hide=''  data-av-small-hide=''  data-av-mini-hide=''  data-alb_description=''  data-id=''  data-custom_class=''  data-template_class=''  data-av_uid='av-8tgk1'  data-sc_version='1.0'  data-ids=''  data-action=''  data-post_type='post, page, attachment, revision, nav_menu_item, custom_css, customize_changeset, oembed_cache, user_request, wp_block, wp_template, wp_template_part, wp_global_styles, wp_navigation, wp_font_family, wp_font_face, alb_custom_layout, avia_framework_post, boxzilla-box, portfolio'  data-offset='0'  data-container_links='active'  data-link_dest=''  data-lightbox_text=''  data-container_class='av-masonry-entries'  data-auto_ratio='1.7'  data-set_breadcrumb='1'  data-custom_markup=''  data-taxonomy='category'  data-categories='41'  data-avno='68112afd4e'>Carica di pi\u00f9<\/a><\/div>\n","protected":false},"excerpt":{"rendered":"","protected":false},"author":4021,"featured_media":0,"parent":0,"menu_order":0,"comment_status":"closed","ping_status":"closed","template":"","meta":{"footnotes":""},"class_list":["post-462","page","type-page","status-publish","hentry"],"yoast_head":"<!-- This site is optimized with the Yoast SEO plugin v27.5 - https:\/\/yoast.com\/product\/yoast-seo-wordpress\/ -->\n<title>Archiv Kunstverein Kallm\u00fcnz Meran - Schloss Kallm\u00fcnz Meran<\/title>\n<meta name=\"description\" content=\"Archiv Kunstverein Kallm\u00fcnz: Hier finden Sie das Archiv s\u00e4mtlicher Veranstaltungen des Kunstverein Kallm\u00fcnz Meran\" \/>\n<meta name=\"robots\" content=\"index, follow, max-snippet:-1, max-image-preview:large, max-video-preview:-1\" \/>\n<link rel=\"canonical\" href=\"https:\/\/art.kallmuenz.it\/it\/archiv-kunstverein-kallmuenz\/\" \/>\n<meta property=\"og:locale\" content=\"it_IT\" \/>\n<meta property=\"og:type\" content=\"article\" \/>\n<meta property=\"og:title\" content=\"Archiv Kunstverein Kallm\u00fcnz Meran - Schloss Kallm\u00fcnz Meran\" \/>\n<meta property=\"og:description\" content=\"Archiv Kunstverein Kallm\u00fcnz: Hier finden Sie das Archiv s\u00e4mtlicher Veranstaltungen des Kunstverein Kallm\u00fcnz Meran\" \/>\n<meta property=\"og:url\" content=\"https:\/\/art.kallmuenz.it\/it\/archiv-kunstverein-kallmuenz\/\" \/>\n<meta property=\"og:site_name\" content=\"Associazione Artistica Kallm\u00fcnz Merano\" \/>\n<meta property=\"article:publisher\" content=\"https:\/\/www.facebook.com\/KunstvereinKallmuenz\" \/>\n<meta property=\"article:modified_time\" content=\"2024-12-02T17:10:05+00:00\" \/>\n<script type=\"application\/ld+json\" class=\"yoast-schema-graph\">{\"@context\":\"https:\\\/\\\/schema.org\",\"@graph\":[{\"@type\":\"WebPage\",\"@id\":\"https:\\\/\\\/art.kallmuenz.it\\\/it\\\/archiv-kunstverein-kallmuenz\\\/\",\"url\":\"https:\\\/\\\/art.kallmuenz.it\\\/it\\\/archiv-kunstverein-kallmuenz\\\/\",\"name\":\"Archiv Kunstverein Kallm\u00fcnz Meran - Schloss Kallm\u00fcnz Meran\",\"isPartOf\":{\"@id\":\"https:\\\/\\\/art.kallmuenz.it\\\/it\\\/#website\"},\"datePublished\":\"2018-11-23T07:00:48+00:00\",\"dateModified\":\"2024-12-02T17:10:05+00:00\",\"description\":\"Archiv Kunstverein Kallm\u00fcnz: Hier finden Sie das Archiv s\u00e4mtlicher Veranstaltungen des Kunstverein Kallm\u00fcnz Meran\",\"breadcrumb\":{\"@id\":\"https:\\\/\\\/art.kallmuenz.it\\\/it\\\/archiv-kunstverein-kallmuenz\\\/#breadcrumb\"},\"inLanguage\":\"it-IT\",\"potentialAction\":[{\"@type\":\"ReadAction\",\"target\":[\"https:\\\/\\\/art.kallmuenz.it\\\/it\\\/archiv-kunstverein-kallmuenz\\\/\"]}]},{\"@type\":\"BreadcrumbList\",\"@id\":\"https:\\\/\\\/art.kallmuenz.it\\\/it\\\/archiv-kunstverein-kallmuenz\\\/#breadcrumb\",\"itemListElement\":[{\"@type\":\"ListItem\",\"position\":1,\"name\":\"Startseite\",\"item\":\"https:\\\/\\\/art.kallmuenz.it\\\/it\\\/associazione-culturale-kallmuenz-merano\\\/\"},{\"@type\":\"ListItem\",\"position\":2,\"name\":\"Archiv Kunstverein Kallm\u00fcnz\"}]},{\"@type\":\"WebSite\",\"@id\":\"https:\\\/\\\/art.kallmuenz.it\\\/it\\\/#website\",\"url\":\"https:\\\/\\\/art.kallmuenz.it\\\/it\\\/\",\"name\":\"Associazione Artistica Kallm\u00fcnz Merano\",\"description\":\"Arte e cultura a Merano\",\"publisher\":{\"@id\":\"https:\\\/\\\/art.kallmuenz.it\\\/it\\\/#organization\"},\"potentialAction\":[{\"@type\":\"SearchAction\",\"target\":{\"@type\":\"EntryPoint\",\"urlTemplate\":\"https:\\\/\\\/art.kallmuenz.it\\\/it\\\/?s={search_term_string}\"},\"query-input\":{\"@type\":\"PropertyValueSpecification\",\"valueRequired\":true,\"valueName\":\"search_term_string\"}}],\"inLanguage\":\"it-IT\"},{\"@type\":\"Organization\",\"@id\":\"https:\\\/\\\/art.kallmuenz.it\\\/it\\\/#organization\",\"name\":\"Kunstverein Kallm\u00fcnz\",\"url\":\"https:\\\/\\\/art.kallmuenz.it\\\/it\\\/\",\"logo\":{\"@type\":\"ImageObject\",\"inLanguage\":\"it-IT\",\"@id\":\"https:\\\/\\\/art.kallmuenz.it\\\/it\\\/#\\\/schema\\\/logo\\\/image\\\/\",\"url\":\"https:\\\/\\\/art.kallmuenz.it\\\/wp-content\\\/uploads\\\/2017\\\/04\\\/kallmuenz_stempel-preloader.png\",\"contentUrl\":\"https:\\\/\\\/art.kallmuenz.it\\\/wp-content\\\/uploads\\\/2017\\\/04\\\/kallmuenz_stempel-preloader.png\",\"width\":200,\"height\":176,\"caption\":\"Kunstverein Kallm\u00fcnz\"},\"image\":{\"@id\":\"https:\\\/\\\/art.kallmuenz.it\\\/it\\\/#\\\/schema\\\/logo\\\/image\\\/\"},\"sameAs\":[\"https:\\\/\\\/www.facebook.com\\\/KunstvereinKallmuenz\"]}]}<\/script>\n<!-- \/ Yoast SEO plugin. -->","yoast_head_json":{"title":"Archiv Kunstverein Kallm\u00fcnz Meran - Schloss Kallm\u00fcnz Meran","description":"Archiv Kunstverein Kallm\u00fcnz: Hier finden Sie das Archiv s\u00e4mtlicher Veranstaltungen des Kunstverein Kallm\u00fcnz Meran","robots":{"index":"index","follow":"follow","max-snippet":"max-snippet:-1","max-image-preview":"max-image-preview:large","max-video-preview":"max-video-preview:-1"},"canonical":"https:\/\/art.kallmuenz.it\/it\/archiv-kunstverein-kallmuenz\/","og_locale":"it_IT","og_type":"article","og_title":"Archiv Kunstverein Kallm\u00fcnz Meran - Schloss Kallm\u00fcnz Meran","og_description":"Archiv Kunstverein Kallm\u00fcnz: Hier finden Sie das Archiv s\u00e4mtlicher Veranstaltungen des Kunstverein Kallm\u00fcnz Meran","og_url":"https:\/\/art.kallmuenz.it\/it\/archiv-kunstverein-kallmuenz\/","og_site_name":"Associazione Artistica Kallm\u00fcnz Merano","article_publisher":"https:\/\/www.facebook.com\/KunstvereinKallmuenz","article_modified_time":"2024-12-02T17:10:05+00:00","schema":{"@context":"https:\/\/schema.org","@graph":[{"@type":"WebPage","@id":"https:\/\/art.kallmuenz.it\/it\/archiv-kunstverein-kallmuenz\/","url":"https:\/\/art.kallmuenz.it\/it\/archiv-kunstverein-kallmuenz\/","name":"Archiv Kunstverein Kallm\u00fcnz Meran - Schloss Kallm\u00fcnz Meran","isPartOf":{"@id":"https:\/\/art.kallmuenz.it\/it\/#website"},"datePublished":"2018-11-23T07:00:48+00:00","dateModified":"2024-12-02T17:10:05+00:00","description":"Archiv Kunstverein Kallm\u00fcnz: Hier finden Sie das Archiv s\u00e4mtlicher Veranstaltungen des Kunstverein Kallm\u00fcnz Meran","breadcrumb":{"@id":"https:\/\/art.kallmuenz.it\/it\/archiv-kunstverein-kallmuenz\/#breadcrumb"},"inLanguage":"it-IT","potentialAction":[{"@type":"ReadAction","target":["https:\/\/art.kallmuenz.it\/it\/archiv-kunstverein-kallmuenz\/"]}]},{"@type":"BreadcrumbList","@id":"https:\/\/art.kallmuenz.it\/it\/archiv-kunstverein-kallmuenz\/#breadcrumb","itemListElement":[{"@type":"ListItem","position":1,"name":"Startseite","item":"https:\/\/art.kallmuenz.it\/it\/associazione-culturale-kallmuenz-merano\/"},{"@type":"ListItem","position":2,"name":"Archiv Kunstverein Kallm\u00fcnz"}]},{"@type":"WebSite","@id":"https:\/\/art.kallmuenz.it\/it\/#website","url":"https:\/\/art.kallmuenz.it\/it\/","name":"Associazione Artistica Kallm\u00fcnz Merano","description":"Arte e cultura a Merano","publisher":{"@id":"https:\/\/art.kallmuenz.it\/it\/#organization"},"potentialAction":[{"@type":"SearchAction","target":{"@type":"EntryPoint","urlTemplate":"https:\/\/art.kallmuenz.it\/it\/?s={search_term_string}"},"query-input":{"@type":"PropertyValueSpecification","valueRequired":true,"valueName":"search_term_string"}}],"inLanguage":"it-IT"},{"@type":"Organization","@id":"https:\/\/art.kallmuenz.it\/it\/#organization","name":"Kunstverein Kallm\u00fcnz","url":"https:\/\/art.kallmuenz.it\/it\/","logo":{"@type":"ImageObject","inLanguage":"it-IT","@id":"https:\/\/art.kallmuenz.it\/it\/#\/schema\/logo\/image\/","url":"https:\/\/art.kallmuenz.it\/wp-content\/uploads\/2017\/04\/kallmuenz_stempel-preloader.png","contentUrl":"https:\/\/art.kallmuenz.it\/wp-content\/uploads\/2017\/04\/kallmuenz_stempel-preloader.png","width":200,"height":176,"caption":"Kunstverein Kallm\u00fcnz"},"image":{"@id":"https:\/\/art.kallmuenz.it\/it\/#\/schema\/logo\/image\/"},"sameAs":["https:\/\/www.facebook.com\/KunstvereinKallmuenz"]}]}},"_links":{"self":[{"href":"https:\/\/art.kallmuenz.it\/it\/wp-json\/wp\/v2\/pages\/462","targetHints":{"allow":["GET"]}}],"collection":[{"href":"https:\/\/art.kallmuenz.it\/it\/wp-json\/wp\/v2\/pages"}],"about":[{"href":"https:\/\/art.kallmuenz.it\/it\/wp-json\/wp\/v2\/types\/page"}],"author":[{"embeddable":true,"href":"https:\/\/art.kallmuenz.it\/it\/wp-json\/wp\/v2\/users\/4021"}],"replies":[{"embeddable":true,"href":"https:\/\/art.kallmuenz.it\/it\/wp-json\/wp\/v2\/comments?post=462"}],"version-history":[{"count":2,"href":"https:\/\/art.kallmuenz.it\/it\/wp-json\/wp\/v2\/pages\/462\/revisions"}],"predecessor-version":[{"id":2974,"href":"https:\/\/art.kallmuenz.it\/it\/wp-json\/wp\/v2\/pages\/462\/revisions\/2974"}],"wp:attachment":[{"href":"https:\/\/art.kallmuenz.it\/it\/wp-json\/wp\/v2\/media?parent=462"}],"curies":[{"name":"wp","href":"https:\/\/api.w.org\/{rel}","templated":true}]}}